{"id":74478,"date":"2025-09-14T12:36:32","date_gmt":"2025-09-14T12:36:32","guid":{"rendered":"https:\/\/myroami.com\/fr\/?page_id=74478"},"modified":"2025-11-05T09:26:43","modified_gmt":"2025-11-05T09:26:43","slug":"calculateur-de-donnees","status":"publish","type":"page","link":"https:\/\/myroami.com\/fr\/calculateur-de-donnees\/","title":{"rendered":"Calculateur de donn\u00e9es"},"content":{"rendered":"","protected":false},"excerpt":{"rendered":"","protected":false},"author":185,"featured_media":0,"parent":0,"menu_order":0,"comment_status":"closed","ping_status":"closed","template":"","meta":{"_acf_changed":false,"footnotes":""},"class_list":["post-74478","page","type-page","status-publish","hentry"],"acf":[],"yoast_head":"<title>Calculateur de donn\u00e9es mobiles [year]<\/title>\n<meta name=\"description\" content=\"Estimez votre consommation de donn\u00e9es selon vos usages quotidiens : streaming, musique ou r\u00e9seaux sociaux.\" \/>\n<meta name=\"robots\" content=\"index, follow, max-snippet:-1, max-image-preview:large, max-video-preview:-1\" \/>\n<link rel=\"canonical\" href=\"https:\/\/myroami.com\/fr\/calculateur-de-donnees\/\" \/>\n<meta property=\"og:locale\" content=\"fr_FR\" \/>\n<meta property=\"og:type\" content=\"article\" \/>\n<meta property=\"og:title\" content=\"Calculateur de donn\u00e9es mobiles [year]\" \/>\n<meta property=\"og:description\" content=\"Estimez votre consommation de donn\u00e9es selon vos usages quotidiens : streaming, musique ou r\u00e9seaux sociaux.\" \/>\n<meta property=\"og:url\" content=\"https:\/\/myroami.com\/fr\/calculateur-de-donnees\/\" \/>\n<meta property=\"og:site_name\" content=\"Roami - FR\" \/>\n<meta property=\"article:modified_time\" content=\"2025-11-05T09:26:43+00:00\" \/>\n<meta name=\"twitter:card\" content=\"summary_large_image\" \/>\n<meta name=\"twitter:label1\" content=\"Dur\u00e9e de lecture estim\u00e9e\" \/>\n\t<meta name=\"twitter:data1\" content=\"4 minutes\" \/>","yoast_head_json":{"title":"Calculateur de donn\u00e9es mobiles [year]","description":"Estimez votre consommation de donn\u00e9es selon vos usages quotidiens : streaming, musique ou r\u00e9seaux sociaux.","robots":{"index":"index","follow":"follow","max-snippet":"max-snippet:-1","max-image-preview":"max-image-preview:large","max-video-preview":"max-video-preview:-1"},"canonical":"https:\/\/myroami.com\/fr\/calculateur-de-donnees\/","og_locale":"fr_FR","og_type":"article","og_title":"Calculateur de donn\u00e9es mobiles [year]","og_description":"Estimez votre consommation de donn\u00e9es selon vos usages quotidiens : streaming, musique ou r\u00e9seaux sociaux.","og_url":"https:\/\/myroami.com\/fr\/calculateur-de-donnees\/","og_site_name":"Roami - FR","article_modified_time":"2025-11-05T09:26:43+00:00","twitter_card":"summary_large_image","twitter_misc":{"Dur\u00e9e de lecture estim\u00e9e":"4 minutes"},"schema":{"@context":"https:\/\/schema.org","@graph":[{"@context":"https:\/\/schema.org","@type":"BreadcrumbList","@id":"https:\/\/myroami.com\/fr\/calculateur-de-donnees\/#breadcrumb","itemListElement":[{"@type":"ListItem","position":1,"item":{"@type":"WebPage","@id":"https:\/\/myroami.com\/fr\/","url":"https:\/\/myroami.com\/fr\/","name":"Home"}}]}]}},"_links":{"self":[{"href":"https:\/\/myroami.com\/fr\/wp-json\/wp\/v2\/pages\/74478","targetHints":{"allow":["GET"]}}],"collection":[{"href":"https:\/\/myroami.com\/fr\/wp-json\/wp\/v2\/pages"}],"about":[{"href":"https:\/\/myroami.com\/fr\/wp-json\/wp\/v2\/types\/page"}],"author":[{"embeddable":true,"href":"https:\/\/myroami.com\/fr\/wp-json\/wp\/v2\/users\/185"}],"replies":[{"embeddable":true,"href":"https:\/\/myroami.com\/fr\/wp-json\/wp\/v2\/comments?post=74478"}],"version-history":[{"count":3,"href":"https:\/\/myroami.com\/fr\/wp-json\/wp\/v2\/pages\/74478\/revisions"}],"predecessor-version":[{"id":75044,"href":"https:\/\/myroami.com\/fr\/wp-json\/wp\/v2\/pages\/74478\/revisions\/75044"}],"wp:attachment":[{"href":"https:\/\/myroami.com\/fr\/wp-json\/wp\/v2\/media?parent=74478"}],"curies":[{"name":"wp","href":"https:\/\/api.w.org\/{rel}","templated":true}]}}