{"id":68517,"date":"2025-10-01T16:25:57","date_gmt":"2025-10-01T14:25:57","guid":{"rendered":"https:\/\/myroami.com\/pl\/?page_id=98"},"modified":"2025-10-07T16:26:41","modified_gmt":"2025-10-07T14:26:41","slug":"jak-testujemy","status":"publish","type":"page","link":"https:\/\/myroami.com\/pl\/jak-testujemy\/","title":{"rendered":"Jak testujemy"},"content":{"rendered":"","protected":false},"excerpt":{"rendered":"","protected":false},"author":185,"featured_media":0,"parent":0,"menu_order":0,"comment_status":"closed","ping_status":"closed","template":"","meta":{"_acf_changed":false,"footnotes":""},"class_list":["post-68517","page","type-page","status-publish","hentry"],"acf":[],"yoast_head":"Jak testujemy eSIM w Roami \u2013 rzetelne i praktyczne recenzje<\/title>\n<meta name=\"description\" content=\"Sprawdzamy eSIM z perspektywy podr\u00f3\u017cnik\u00f3w. Zobacz, jak testujemy ceny, zasi\u0119g i \u0142atwo\u015b\u0107 u\u017cycia, by wybra\u0107 plan, kt\u00f3ry naprawd\u0119 dzia\u0142a.\" \/>\n<meta name=\"robots\" content=\"index, follow, max-snippet:-1, max-image-preview:large, max-video-preview:-1\" \/>\n<link rel=\"canonical\" href=\"https:\/\/myroami.com\/pl\/testing-methodology\/\" \/>\n<meta property=\"og:locale\" content=\"pl_PL\" \/>\n<meta property=\"og:type\" content=\"article\" \/>\n<meta property=\"og:title\" content=\"Jak testujemy eSIM w Roami \u2013 rzetelne i praktyczne recenzje\" \/>\n<meta property=\"og:description\" content=\"Sprawdzamy eSIM z perspektywy podr\u00f3\u017cnik\u00f3w. Zobacz, jak testujemy ceny, zasi\u0119g i \u0142atwo\u015b\u0107 u\u017cycia, by wybra\u0107 plan, kt\u00f3ry naprawd\u0119 dzia\u0142a.\" \/>\n<meta property=\"og:url\" content=\"https:\/\/myroami.com\/pl\/testing-methodology\/\" \/>\n<meta property=\"og:site_name\" content=\"Roami - PL\" \/>\n<meta property=\"article:modified_time\" content=\"2025-10-07T14:26:41+00:00\" \/>\n<meta name=\"twitter:card\" content=\"summary_large_image\" \/>\n<meta name=\"twitter:label1\" content=\"Szacowany czas czytania\" \/>\n\t<meta name=\"twitter:data1\" content=\"13 minut\" \/>","yoast_head_json":{"title":"Jak testujemy eSIM w Roami \u2013 rzetelne i praktyczne recenzje","description":"Sprawdzamy eSIM z perspektywy podr\u00f3\u017cnik\u00f3w. Zobacz, jak testujemy ceny, zasi\u0119g i \u0142atwo\u015b\u0107 u\u017cycia, by wybra\u0107 plan, kt\u00f3ry naprawd\u0119 dzia\u0142a.","robots":{"index":"index","follow":"follow","max-snippet":"max-snippet:-1","max-image-preview":"max-image-preview:large","max-video-preview":"max-video-preview:-1"},"canonical":"https:\/\/myroami.com\/pl\/testing-methodology\/","og_locale":"pl_PL","og_type":"article","og_title":"Jak testujemy eSIM w Roami \u2013 rzetelne i praktyczne recenzje","og_description":"Sprawdzamy eSIM z perspektywy podr\u00f3\u017cnik\u00f3w. Zobacz, jak testujemy ceny, zasi\u0119g i \u0142atwo\u015b\u0107 u\u017cycia, by wybra\u0107 plan, kt\u00f3ry naprawd\u0119 dzia\u0142a.","og_url":"https:\/\/myroami.com\/pl\/testing-methodology\/","og_site_name":"Roami - PL","article_modified_time":"2025-10-07T14:26:41+00:00","twitter_card":"summary_large_image","twitter_misc":{"Szacowany czas czytania":"13 minut"},"schema":{"@context":"https:\/\/schema.org","@graph":[{"@context":"https:\/\/schema.org","@type":"BreadcrumbList","@id":"https:\/\/myroami.com\/pl\/jak-testujemy\/#breadcrumb","itemListElement":[{"@type":"ListItem","position":1,"item":{"@type":"WebPage","@id":"https:\/\/myroami.com\/pl\/","url":"https:\/\/myroami.com\/pl\/","name":"Home"}}]}]}},"_links":{"self":[{"href":"https:\/\/myroami.com\/pl\/wp-json\/wp\/v2\/pages\/68517","targetHints":{"allow":["GET"]}}],"collection":[{"href":"https:\/\/myroami.com\/pl\/wp-json\/wp\/v2\/pages"}],"about":[{"href":"https:\/\/myroami.com\/pl\/wp-json\/wp\/v2\/types\/page"}],"author":[{"embeddable":true,"href":"https:\/\/myroami.com\/pl\/wp-json\/wp\/v2\/users\/185"}],"replies":[{"embeddable":true,"href":"https:\/\/myroami.com\/pl\/wp-json\/wp\/v2\/comments?post=68517"}],"version-history":[{"count":3,"href":"https:\/\/myroami.com\/pl\/wp-json\/wp\/v2\/pages\/68517\/revisions"}],"predecessor-version":[{"id":76347,"href":"https:\/\/myroami.com\/pl\/wp-json\/wp\/v2\/pages\/68517\/revisions\/76347"}],"wp:attachment":[{"href":"https:\/\/myroami.com\/pl\/wp-json\/wp\/v2\/media?parent=68517"}],"curies":[{"name":"wp","href":"https:\/\/api.w.org\/{rel}","templated":true}]}}