{"id":69795,"date":"2025-02-16T09:58:30","date_gmt":"2025-02-16T09:58:30","guid":{"rendered":"https:\/\/myroami.com\/pt\/?page_id=69795"},"modified":"2025-11-14T20:48:56","modified_gmt":"2025-11-14T20:48:56","slug":"home","status":"publish","type":"page","link":"https:\/\/myroami.com\/pt\/","title":{"rendered":"Home"},"content":{"rendered":"","protected":false},"excerpt":{"rendered":"","protected":false},"author":185,"featured_media":0,"parent":0,"menu_order":0,"comment_status":"closed","ping_status":"closed","template":"","meta":{"_acf_changed":false,"footnotes":""},"class_list":["post-69795","page","type-page","status-publish","hentry"],"acf":[],"yoast_head":"MyRoami: Revis\u00e3o das melhores op\u00e7\u00f5es de Internet no estrangeiro para viajantes<\/title>\n<meta name=\"description\" content=\"Mantenha-se ligado durante as suas viagens com o MyRoami. Descubra as melhores op\u00e7\u00f5es de Internet internacional, incluindo eSIMs, cart\u00f5es SIM e WiFi de bolso, para mais de 100 destinos.\" \/>\n<meta name=\"robots\" content=\"index, follow, max-snippet:-1, max-image-preview:large, max-video-preview:-1\" \/>\n<link rel=\"canonical\" href=\"https:\/\/myroami.com\/pt\/\" \/>\n<meta property=\"og:locale\" content=\"pt_PT\" \/>\n<meta property=\"og:type\" content=\"article\" \/>\n<meta property=\"og:title\" content=\"MyRoami: Revis\u00e3o das melhores op\u00e7\u00f5es de Internet no estrangeiro para viajantes\" \/>\n<meta property=\"og:description\" content=\"Mantenha-se ligado durante as suas viagens com o MyRoami. Descubra as melhores op\u00e7\u00f5es de Internet internacional, incluindo eSIMs, cart\u00f5es SIM e WiFi de bolso, para mais de 100 destinos.\" \/>\n<meta property=\"og:url\" content=\"https:\/\/myroami.com\/pt\/\" \/>\n<meta property=\"og:site_name\" content=\"Roami - PT\" \/>\n<meta property=\"article:modified_time\" content=\"2025-11-14T20:48:56+00:00\" \/>\n<meta name=\"twitter:card\" content=\"summary_large_image\" \/>\n<meta name=\"twitter:label1\" content=\"Tempo estimado de leitura\" \/>\n\t<meta name=\"twitter:data1\" content=\"11 minutos\" \/>","yoast_head_json":{"title":"MyRoami: Revis\u00e3o das melhores op\u00e7\u00f5es de Internet no estrangeiro para viajantes","description":"Mantenha-se ligado durante as suas viagens com o MyRoami. Descubra as melhores op\u00e7\u00f5es de Internet internacional, incluindo eSIMs, cart\u00f5es SIM e WiFi de bolso, para mais de 100 destinos.","robots":{"index":"index","follow":"follow","max-snippet":"max-snippet:-1","max-image-preview":"max-image-preview:large","max-video-preview":"max-video-preview:-1"},"canonical":"https:\/\/myroami.com\/pt\/","og_locale":"pt_PT","og_type":"article","og_title":"MyRoami: Revis\u00e3o das melhores op\u00e7\u00f5es de Internet no estrangeiro para viajantes","og_description":"Mantenha-se ligado durante as suas viagens com o MyRoami. Descubra as melhores op\u00e7\u00f5es de Internet internacional, incluindo eSIMs, cart\u00f5es SIM e WiFi de bolso, para mais de 100 destinos.","og_url":"https:\/\/myroami.com\/pt\/","og_site_name":"Roami - PT","article_modified_time":"2025-11-14T20:48:56+00:00","twitter_card":"summary_large_image","twitter_misc":{"Tempo estimado de leitura":"11 minutos"},"schema":{"@context":"https:\/\/schema.org","@graph":[{"@context":"https:\/\/schema.org","@type":"BreadcrumbList","@id":"https:\/\/myroami.com\/pt\/#breadcrumb","itemListElement":[{"@type":"ListItem","position":1,"item":{"@type":"WebPage","@id":"https:\/\/myroami.com\/pt\/","url":"https:\/\/myroami.com\/pt\/","name":"Home"}}]}]}},"_links":{"self":[{"href":"https:\/\/myroami.com\/pt\/wp-json\/wp\/v2\/pages\/69795","targetHints":{"allow":["GET"]}}],"collection":[{"href":"https:\/\/myroami.com\/pt\/wp-json\/wp\/v2\/pages"}],"about":[{"href":"https:\/\/myroami.com\/pt\/wp-json\/wp\/v2\/types\/page"}],"author":[{"embeddable":true,"href":"https:\/\/myroami.com\/pt\/wp-json\/wp\/v2\/users\/185"}],"replies":[{"embeddable":true,"href":"https:\/\/myroami.com\/pt\/wp-json\/wp\/v2\/comments?post=69795"}],"version-history":[{"count":5,"href":"https:\/\/myroami.com\/pt\/wp-json\/wp\/v2\/pages\/69795\/revisions"}],"predecessor-version":[{"id":70704,"href":"https:\/\/myroami.com\/pt\/wp-json\/wp\/v2\/pages\/69795\/revisions\/70704"}],"wp:attachment":[{"href":"https:\/\/myroami.com\/pt\/wp-json\/wp\/v2\/media?parent=69795"}],"curies":[{"name":"wp","href":"https:\/\/api.w.org\/{rel}","templated":true}]}}